{"id":166,"date":"2026-03-18T23:51:03","date_gmt":"2026-03-18T23:51:03","guid":{"rendered":"https:\/\/claude.daniel-mauer.de\/?page_id=166"},"modified":"2026-03-18T23:51:03","modified_gmt":"2026-03-18T23:51:03","slug":"konfigurator","status":"publish","type":"page","link":"https:\/\/claude.daniel-mauer.de\/?page_id=166","title":{"rendered":"Konfigurator"},"content":{"rendered":"<h2>W\u00e4hlen Sie Ihren Konfigurator<\/h2>\n\n<div class=\"wp-block-columns is-layout-flex wp-container-core-columns-is-layout-28f84493 wp-block-columns-is-layout-flex\">\n<div class=\"wp-block-column is-layout-flow wp-block-column-is-layout-flow\"><h3>Terrassendach Standard<\/h3><p>Konfigurieren Sie Ihre individuelle Terrassen\u00fcberdachung in 3D. W\u00e4hlen Sie Ma\u00dfe, Materialien und Extras.<\/p><div class=\"wp-block-buttons is-layout-flex wp-block-buttons-is-layout-flex\"><div class=\"wp-block-button\"><a class=\"wp-block-button__link\" href=\"https:\/\/claude.daniel-mauer.de\/?page_id=163\">Konfigurator starten<\/a><\/div><\/div><\/div>\n<div class=\"wp-block-column is-layout-flow wp-block-column-is-layout-flow\"><h3>Sommergarten Standard<\/h3><p>Gestalten Sie Ihren vollverglasten Sommergarten mit Schiebet\u00fcren und Festverglasungen.<\/p><div class=\"wp-block-buttons is-layout-flex wp-block-buttons-is-layout-flex\"><div class=\"wp-block-button\"><a class=\"wp-block-button__link\" href=\"https:\/\/claude.daniel-mauer.de\/?page_id=164\">Konfigurator starten<\/a><\/div><\/div><\/div>\n<div class=\"wp-block-column is-layout-flow wp-block-column-is-layout-flow\"><h3>Carport Standard<\/h3><p>Planen Sie Ihren freistehenden Carport mit robuster Aluminium-Konstruktion.<\/p><div class=\"wp-block-buttons is-layout-flex wp-block-buttons-is-layout-flex\"><div class=\"wp-block-button\"><a class=\"wp-block-button__link\" href=\"https:\/\/claude.daniel-mauer.de\/?page_id=165\">Konfigurator starten<\/a><\/div><\/div><\/div>\n<\/div>","protected":false},"excerpt":{"rendered":"<p>W\u00e4hlen Sie Ihren Konfigurator<\/p>\n","protected":false},"author":1,"featured_media":0,"parent":0,"menu_order":0,"comment_status":"closed","ping_status":"closed","template":"","meta":{"footnotes":""},"class_list":["post-166","page","type-page","status-publish","hentry"],"_links":{"self":[{"href":"https:\/\/claude.daniel-mauer.de\/index.php?rest_route=\/wp\/v2\/pages\/166","targetHints":{"allow":["GET"]}}],"collection":[{"href":"https:\/\/claude.daniel-mauer.de\/index.php?rest_route=\/wp\/v2\/pages"}],"about":[{"href":"https:\/\/claude.daniel-mauer.de\/index.php?rest_route=\/wp\/v2\/types\/page"}],"author":[{"embeddable":true,"href":"https:\/\/claude.daniel-mauer.de\/index.php?rest_route=\/wp\/v2\/users\/1"}],"replies":[{"embeddable":true,"href":"https:\/\/claude.daniel-mauer.de\/index.php?rest_route=%2Fwp%2Fv2%2Fcomments&post=166"}],"version-history":[{"count":0,"href":"https:\/\/claude.daniel-mauer.de\/index.php?rest_route=\/wp\/v2\/pages\/166\/revisions"}],"wp:attachment":[{"href":"https:\/\/claude.daniel-mauer.de\/index.php?rest_route=%2Fwp%2Fv2%2Fmedia&parent=166"}],"curies":[{"name":"wp","href":"https:\/\/api.w.org\/{rel}","templated":true}]}}